{"id":40,"date":"2025-07-08T13:15:50","date_gmt":"2025-07-08T13:15:50","guid":{"rendered":"http:\/\/ancre-immobiliere.fr\/?page_id=40"},"modified":"2025-09-01T11:09:16","modified_gmt":"2025-09-01T11:09:16","slug":"a-propos","status":"publish","type":"page","link":"https:\/\/ancre-immobiliere.fr\/?page_id=40","title":{"rendered":"Qui sommes nous ?"},"content":{"rendered":"\t\t<div data-elementor-type=\"wp-page\" data-elementor-id=\"40\" class=\"elementor elementor-40\">\n\t\t\t\t<div class=\"elementor-element elementor-element-7408ea45 e-con-full e-flex e-con e-parent\" data-id=\"7408ea45\" data-element_type=\"container\" data-e-type=\"container\" data-settings=\"{&quot;background_background&quot;:&quot;classic&quot;}\">\n\t\t<div class=\"elementor-element elementor-element-47149dfc e-con-full e-flex elementor-invisible e-con e-child\" data-id=\"47149dfc\" data-element_type=\"container\" data-e-type=\"container\" data-settings=\"{&quot;background_background&quot;:&quot;classic&quot;,&quot;animation&quot;:&quot;slideInLeft&quot;}\">\n\t\t\t\t<\/div>\n\t\t<div class=\"elementor-element elementor-element-4a775949 e-con-full e-flex e-con e-child\" data-id=\"4a775949\" data-element_type=\"container\" data-e-type=\"container\">\n\t\t<div class=\"elementor-element elementor-element-3e7bebca animated-slow e-flex e-con-boxed elementor-invisible e-con e-child\" data-id=\"3e7bebca\" data-element_type=\"container\" data-e-type=\"container\" data-settings=\"{&quot;animation&quot;:&quot;fadeIn&quot;}\">\n\t\t\t\t\t<div class=\"e-con-inner\">\n\t\t\t\t<div class=\"elementor-element elementor-element-42723245 animated-slow elementor-invisible elementor-widget elementor-widget-heading\" data-id=\"42723245\" data-element_type=\"widget\" data-e-type=\"widget\" data-settings=\"{&quot;_animation&quot;:&quot;fadeIn&quot;,&quot;_animation_delay&quot;:700}\" data-widget_type=\"heading.default\">\n\t\t\t\t\t<h1 class=\"elementor-heading-title elementor-size-default\">Bienvenue \u00e0 bord<\/h1>\t\t\t\t<\/div>\n\t\t\t\t<div class=\"elementor-element elementor-element-9c5c435 animated-slow elementor-invisible elementor-widget elementor-widget-heading\" data-id=\"9c5c435\" data-element_type=\"widget\" data-e-type=\"widget\" data-settings=\"{&quot;_animation&quot;:&quot;fadeInDown&quot;,&quot;_animation_delay&quot;:1800}\" data-widget_type=\"heading.default\">\n\t\t\t\t\t<h2 class=\"elementor-heading-title elementor-size-default\">l'\u00e9quipage est pr\u00eat<\/h2>\t\t\t\t<\/div>\n\t\t\t\t\t<\/div>\n\t\t\t\t<\/div>\n\t\t<div class=\"elementor-element elementor-element-2aa2ca17 e-flex e-con-boxed e-con e-child\" data-id=\"2aa2ca17\" data-element_type=\"container\" data-e-type=\"container\" data-settings=\"{&quot;animation&quot;:&quot;none&quot;,&quot;animation_delay&quot;:&quot;2000&quot;}\">\n\t\t\t\t\t<div class=\"e-con-inner\">\n\t\t\t\t<div class=\"elementor-element elementor-element-239f2575 elementor-widget-mobile__width-initial animated-slow elementor-invisible elementor-widget elementor-widget-image\" data-id=\"239f2575\" data-element_type=\"widget\" data-e-type=\"widget\" data-settings=\"{&quot;_animation&quot;:&quot;slideInUp&quot;}\" data-widget_type=\"image.default\">\n\t\t\t\t\t\t\t\t\t\t\t\t\t\t\t<img fetchpriority=\"high\" decoding=\"async\" width=\"2560\" height=\"1627\" src=\"https:\/\/ancre-immobiliere.fr\/wp-content\/uploads\/2025\/08\/pascal-bernardon-Upwya0V1lT0-unsplash-scaled.jpg\" class=\"attachment-full size-full wp-image-767\" alt=\"\" srcset=\"https:\/\/ancre-immobiliere.fr\/wp-content\/uploads\/2025\/08\/pascal-bernardon-Upwya0V1lT0-unsplash-scaled.jpg 2560w, https:\/\/ancre-immobiliere.fr\/wp-content\/uploads\/2025\/08\/pascal-bernardon-Upwya0V1lT0-unsplash-300x191.jpg 300w, https:\/\/ancre-immobiliere.fr\/wp-content\/uploads\/2025\/08\/pascal-bernardon-Upwya0V1lT0-unsplash-1024x651.jpg 1024w, https:\/\/ancre-immobiliere.fr\/wp-content\/uploads\/2025\/08\/pascal-bernardon-Upwya0V1lT0-unsplash-768x488.jpg 768w, https:\/\/ancre-immobiliere.fr\/wp-content\/uploads\/2025\/08\/pascal-bernardon-Upwya0V1lT0-unsplash-1536x976.jpg 1536w, https:\/\/ancre-immobiliere.fr\/wp-content\/uploads\/2025\/08\/pascal-bernardon-Upwya0V1lT0-unsplash-2048x1302.jpg 2048w\" sizes=\"(max-width: 2560px) 100vw, 2560px\" \/>\t\t\t\t\t\t\t\t\t\t\t\t\t\t\t<\/div>\n\t\t\t\t<div class=\"elementor-element elementor-element-7845bf07 animated-slow elementor-widget-mobile__width-initial elementor-invisible elementor-widget elementor-widget-image\" data-id=\"7845bf07\" data-element_type=\"widget\" data-e-type=\"widget\" data-settings=\"{&quot;_animation&quot;:&quot;slideInRight&quot;}\" data-widget_type=\"image.default\">\n\t\t\t\t\t\t\t\t\t\t\t\t\t\t\t<img decoding=\"async\" width=\"2560\" height=\"1707\" src=\"https:\/\/ancre-immobiliere.fr\/wp-content\/uploads\/2025\/08\/frames-for-your-heart-2d4lAQAlbDA-unsplash-scaled.jpg\" class=\"attachment-full size-full wp-image-766\" alt=\"\" srcset=\"https:\/\/ancre-immobiliere.fr\/wp-content\/uploads\/2025\/08\/frames-for-your-heart-2d4lAQAlbDA-unsplash-scaled.jpg 2560w, https:\/\/ancre-immobiliere.fr\/wp-content\/uploads\/2025\/08\/frames-for-your-heart-2d4lAQAlbDA-unsplash-300x200.jpg 300w, https:\/\/ancre-immobiliere.fr\/wp-content\/uploads\/2025\/08\/frames-for-your-heart-2d4lAQAlbDA-unsplash-1024x683.jpg 1024w, https:\/\/ancre-immobiliere.fr\/wp-content\/uploads\/2025\/08\/frames-for-your-heart-2d4lAQAlbDA-unsplash-768x512.jpg 768w, https:\/\/ancre-immobiliere.fr\/wp-content\/uploads\/2025\/08\/frames-for-your-heart-2d4lAQAlbDA-unsplash-1536x1024.jpg 1536w, https:\/\/ancre-immobiliere.fr\/wp-content\/uploads\/2025\/08\/frames-for-your-heart-2d4lAQAlbDA-unsplash-2048x1365.jpg 2048w\" sizes=\"(max-width: 2560px) 100vw, 2560px\" \/>\t\t\t\t\t\t\t\t\t\t\t\t\t\t\t<\/div>\n\t\t\t\t\t<\/div>\n\t\t\t\t<\/div>\n\t\t\t\t<\/div>\n\t\t\t\t<\/div>\n\t\t<div class=\"elementor-element elementor-element-529331e7 e-flex e-con-boxed e-con e-parent\" data-id=\"529331e7\" data-element_type=\"container\" data-e-type=\"container\" data-settings=\"{&quot;shape_divider_top&quot;:&quot;waves&quot;,&quot;shape_divider_top_negative&quot;:&quot;yes&quot;,&quot;background_background&quot;:&quot;classic&quot;}\">\n\t\t\t\t\t<div class=\"e-con-inner\">\n\t\t\t\t<div class=\"elementor-shape elementor-shape-top\" aria-hidden=\"true\" data-negative=\"true\">\n\t\t\t<svg xmlns=\"http:\/\/www.w3.org\/2000\/svg\" viewBox=\"0 0 1000 100\" preserveAspectRatio=\"none\">\n\t<path class=\"elementor-shape-fill\" d=\"M790.5,93.1c-59.3-5.3-116.8-18-192.6-50c-29.6-12.7-76.9-31-100.5-35.9c-23.6-4.9-52.6-7.8-75.5-5.3\n\tc-10.2,1.1-22.6,1.4-50.1,7.4c-27.2,6.3-58.2,16.6-79.4,24.7c-41.3,15.9-94.9,21.9-134,22.6C72,58.2,0,25.8,0,25.8V100h1000V65.3\n\tc0,0-51.5,19.4-106.2,25.7C839.5,97,814.1,95.2,790.5,93.1z\"\/>\n<\/svg>\t\t<\/div>\n\t\t<div class=\"elementor-element elementor-element-45d37e15 e-con-full e-flex e-con e-child\" data-id=\"45d37e15\" data-element_type=\"container\" data-e-type=\"container\">\n\t\t<div class=\"elementor-element elementor-element-598443f3 e-con-full e-flex e-con e-child\" data-id=\"598443f3\" data-element_type=\"container\" data-e-type=\"container\">\n\t\t\t\t<div class=\"elementor-element elementor-element-7ff1c533 elementor-invisible elementor-widget elementor-widget-heading\" data-id=\"7ff1c533\" data-element_type=\"widget\" data-e-type=\"widget\" data-settings=\"{&quot;_animation&quot;:&quot;fadeIn&quot;}\" data-widget_type=\"heading.default\">\n\t\t\t\t\t<h6 class=\"elementor-heading-title elementor-size-default\">lorient, port d'attache<\/h6>\t\t\t\t<\/div>\n\t\t\t\t<div class=\"elementor-element elementor-element-45b6535e elementor-widget elementor-widget-image-box\" data-id=\"45b6535e\" data-element_type=\"widget\" data-e-type=\"widget\" data-widget_type=\"image-box.default\">\n\t\t\t\t\t<div class=\"elementor-image-box-wrapper\"><div class=\"elementor-image-box-content\"><h3 class=\"elementor-image-box-title\">pr\u00e9sentation <\/h3><p class=\"elementor-image-box-description\">Ancre Immobili\u00e8re, c\u2019est d\u2019abord une histoire de transmission. <br> <br>Une agence fond\u00e9e et d\u00e9velopp\u00e9e par Johann Bidault, breton de coeur - anim\u00e9 par la passion de l\u2019immobilier et la volont\u00e9 de s\u00e9curiser les parcours de vie.\n<br><br>\nNotre \u00e9quipe et partenaires locaux, ancr\u00e9s dans les valeurs bretonnes, sont pr\u00eats \u00e0 vous accompagner avec professionnalisme dans chaque \u00e9tape de votre projet et vers de nouveaux horizons du pays de Lorient.\n<\/p><\/div><\/div>\t\t\t\t<\/div>\n\t\t\t\t<div class=\"elementor-element elementor-element-850d2e2 elementor-widget elementor-widget-image-box\" data-id=\"850d2e2\" data-element_type=\"widget\" data-e-type=\"widget\" data-widget_type=\"image-box.default\">\n\t\t\t\t\t<div class=\"elementor-image-box-wrapper\"><div class=\"elementor-image-box-content\"><p class=\"elementor-image-box-description\">En tant qu'experts immobilier, nous estimons votre bien au prix juste. Nous vendons des appartements, terrains, maisons et propri\u00e9t\u00e9s, en forte connaissance du march\u00e9 local en constante \u00e9volution. <\/p><\/div><\/div>\t\t\t\t<\/div>\n\t\t\t\t<div class=\"elementor-element elementor-element-4a3b3dd5 elementor-widget elementor-widget-heading\" data-id=\"4a3b3dd5\" data-element_type=\"widget\" data-e-type=\"widget\" data-widget_type=\"heading.default\">\n\t\t\t\t\t<h6 class=\"elementor-heading-title elementor-size-default\">J. BIDAULT<\/h6>\t\t\t\t<\/div>\n\t\t\t\t<\/div>\n\t\t\t\t<div class=\"elementor-element elementor-element-1e130f7 elementor-widget elementor-widget-heading\" data-id=\"1e130f7\" data-element_type=\"widget\" data-e-type=\"widget\" data-widget_type=\"heading.default\">\n\t\t\t\t\t<h2 class=\"elementor-heading-title elementor-size-default\">Pourquoi \"ancre\" ?<\/h2>\t\t\t\t<\/div>\n\t\t\t\t<div class=\"elementor-element elementor-element-adb5597 elementor-widget elementor-widget-text-editor\" data-id=\"adb5597\" data-element_type=\"widget\" data-e-type=\"widget\" data-widget_type=\"text-editor.default\">\n\t\t\t\t\t\t\t\t\t<p>Parce qu\u2019une\u00a0<strong>ancre<\/strong>, c\u2019est ce qui\u00a0<strong>stabilise dans les moments de mouvement<\/strong>. C\u2019est ce qui permet de\u00a0<strong>prendre le temps, de bien choisir, d\u2019avancer en confiance<\/strong>. Et c\u2019est exactement ce que nous voulons \u00eatre pour vous.<\/p>\t\t\t\t\t\t\t\t<\/div>\n\t\t\t\t<\/div>\n\t\t<div class=\"elementor-element elementor-element-dd390a2 e-con-full e-flex e-con e-child\" data-id=\"dd390a2\" data-element_type=\"container\" data-e-type=\"container\" data-settings=\"{&quot;background_background&quot;:&quot;classic&quot;}\">\n\t\t\t\t<div class=\"elementor-element elementor-element-43d93f8 elementor-widget elementor-widget-image\" data-id=\"43d93f8\" data-element_type=\"widget\" data-e-type=\"widget\" data-widget_type=\"image.default\">\n\t\t\t\t\t\t\t\t\t\t\t\t\t\t\t<img decoding=\"async\" width=\"1170\" height=\"768\" src=\"https:\/\/ancre-immobiliere.fr\/wp-content\/uploads\/2025\/08\/agence-.jpg\" class=\"attachment-full size-full wp-image-686\" alt=\"\" srcset=\"https:\/\/ancre-immobiliere.fr\/wp-content\/uploads\/2025\/08\/agence-.jpg 1170w, https:\/\/ancre-immobiliere.fr\/wp-content\/uploads\/2025\/08\/agence--300x197.jpg 300w, https:\/\/ancre-immobiliere.fr\/wp-content\/uploads\/2025\/08\/agence--1024x672.jpg 1024w, https:\/\/ancre-immobiliere.fr\/wp-content\/uploads\/2025\/08\/agence--768x504.jpg 768w\" sizes=\"(max-width: 1170px) 100vw, 1170px\" \/>\t\t\t\t\t\t\t\t\t\t\t\t\t\t\t<\/div>\n\t\t\t\t<div class=\"elementor-element elementor-element-2551f7d elementor-widget elementor-widget-heading\" data-id=\"2551f7d\" data-element_type=\"widget\" data-e-type=\"widget\" data-widget_type=\"heading.default\">\n\t\t\t\t\t<h2 class=\"elementor-heading-title elementor-size-default\">Notre mission : <br>\n\u00catre votre\u00a0rep\u00e8re immobilier <br> \u00e0 Lorient<\/h2>\t\t\t\t<\/div>\n\t\t\t\t<div class=\"elementor-element elementor-element-87ac752 elementor-widget elementor-widget-text-editor\" data-id=\"87ac752\" data-element_type=\"widget\" data-e-type=\"widget\" data-widget_type=\"text-editor.default\">\n\t\t\t\t\t\t\t\t\t<p>Dans un secteur o\u00f9 tout change vite &#8211; prix, r\u00e9glementation, conditions de financement -, <strong>nous sommes votre point d\u2019ancrage<\/strong>.<\/p>\n<p>Chez&nbsp;<strong>Ancre Immobili\u00e8re<\/strong>, nous ne sommes pas simplement des interm\u00e9diaires.<br>Nous sommes votre&nbsp;<strong>rep\u00e8re local<\/strong>, votre&nbsp;<strong>point de stabilit\u00e9<\/strong>, votre&nbsp;<strong>boussole strat\u00e9gique<\/strong>&nbsp;dans votre projet d\u2019achat, de vente ou d\u2019investissement.<\/p>\t\t\t\t\t\t\t\t<\/div>\n\t\t\t\t<div class=\"elementor-element elementor-element-6cd3eb3 elementor-widget elementor-widget-button\" data-id=\"6cd3eb3\" data-element_type=\"widget\" data-e-type=\"widget\" data-widget_type=\"button.default\">\n\t\t\t\t\t\t\t\t\t\t<a class=\"elementor-button elementor-button-link elementor-size-sm elementor-animation-grow\" href=\"https:\/\/ancre-immobiliere.fr\/?page_id=37\">\n\t\t\t\t\t\t<span class=\"elementor-button-content-wrapper\">\n\t\t\t\t\t\t<span class=\"elementor-button-icon\">\n\t\t\t\t<svg aria-hidden=\"true\" class=\"e-font-icon-svg e-far-envelope\" viewBox=\"0 0 512 512\" xmlns=\"http:\/\/www.w3.org\/2000\/svg\"><path d=\"M464 64H48C21.49 64 0 85.49 0 112v288c0 26.51 21.49 48 48 48h416c26.51 0 48-21.49 48-48V112c0-26.51-21.49-48-48-48zm0 48v40.805c-22.422 18.259-58.168 46.651-134.587 106.49-16.841 13.247-50.201 45.072-73.413 44.701-23.208.375-56.579-31.459-73.413-44.701C106.18 199.465 70.425 171.067 48 152.805V112h416zM48 400V214.398c22.914 18.251 55.409 43.862 104.938 82.646 21.857 17.205 60.134 55.186 103.062 54.955 42.717.231 80.509-37.199 103.053-54.947 49.528-38.783 82.032-64.401 104.947-82.653V400H48z\"><\/path><\/svg>\t\t\t<\/span>\n\t\t\t\t\t\t\t\t\t<span class=\"elementor-button-text\">Nous contacter<\/span>\n\t\t\t\t\t<\/span>\n\t\t\t\t\t<\/a>\n\t\t\t\t\t\t\t\t<\/div>\n\t\t\t\t<\/div>\n\t\t\t\t\t<\/div>\n\t\t\t\t<\/div>\n\t\t<div class=\"elementor-element elementor-element-4f859ee7 e-flex e-con-boxed e-con e-parent\" data-id=\"4f859ee7\" data-element_type=\"container\" data-e-type=\"container\" data-settings=\"{&quot;background_background&quot;:&quot;classic&quot;}\">\n\t\t\t\t\t<div class=\"e-con-inner\">\n\t\t\t\t<div class=\"elementor-element elementor-element-68af88d4 elementor-widget elementor-widget-heading\" data-id=\"68af88d4\" data-element_type=\"widget\" data-e-type=\"widget\" data-widget_type=\"heading.default\">\n\t\t\t\t\t<h6 class=\"elementor-heading-title elementor-size-default\">\u00e0 lire aussi<\/h6>\t\t\t\t<\/div>\n\t\t\t\t<div class=\"elementor-element elementor-element-1a9b6b25 elementor-widget elementor-widget-heading\" data-id=\"1a9b6b25\" data-element_type=\"widget\" data-e-type=\"widget\" data-widget_type=\"heading.default\">\n\t\t\t\t\t<h2 class=\"elementor-heading-title elementor-size-default\">Nos 4 piliers<\/h2>\t\t\t\t<\/div>\n\t\t\t\t<div class=\"elementor-element elementor-element-9def61c elementor-widget elementor-widget-text-editor\" data-id=\"9def61c\" data-element_type=\"widget\" data-e-type=\"widget\" data-widget_type=\"text-editor.default\">\n\t\t\t\t\t\t\t\t\t<p>pour un accompagnement immobilier r\u00e9ussi <br \/>dans le Morbihan<\/p>\t\t\t\t\t\t\t\t<\/div>\n\t\t\t\t<div class=\"elementor-element elementor-element-d6d5f12 elementor-widget elementor-widget-n-accordion\" data-id=\"d6d5f12\" data-element_type=\"widget\" data-e-type=\"widget\" data-settings=\"{&quot;default_state&quot;:&quot;all_collapsed&quot;,&quot;max_items_expended&quot;:&quot;one&quot;,&quot;n_accordion_animation_duration&quot;:{&quot;unit&quot;:&quot;ms&quot;,&quot;size&quot;:400,&quot;sizes&quot;:[]}}\" data-widget_type=\"nested-accordion.default\">\n\t\t\t\t\t\t\t<div class=\"e-n-accordion\" aria-label=\"Accordion. Open links with Enter or Space, close with Escape, and navigate with Arrow Keys\">\n\t\t\t\t\t\t<details id=\"e-n-accordion-item-2250\" class=\"e-n-accordion-item\" >\n\t\t\t\t<summary class=\"e-n-accordion-item-title\" data-accordion-index=\"1\" tabindex=\"0\" aria-expanded=\"false\" aria-controls=\"e-n-accordion-item-2250\" >\n\t\t\t\t\t<span class='e-n-accordion-item-title-header'><div class=\"e-n-accordion-item-title-text\"> \ud83e\udded Ancrage local et expertise <\/div><\/span>\n\t\t\t\t\t\t\t<span class='e-n-accordion-item-title-icon'>\n\t\t\t<span class='e-opened' ><svg aria-hidden=\"true\" class=\"e-font-icon-svg e-fas-minus\" viewBox=\"0 0 448 512\" xmlns=\"http:\/\/www.w3.org\/2000\/svg\"><path d=\"M416 208H32c-17.67 0-32 14.33-32 32v32c0 17.67 14.33 32 32 32h384c17.67 0 32-14.33 32-32v-32c0-17.67-14.33-32-32-32z\"><\/path><\/svg><\/span>\n\t\t\t<span class='e-closed'><svg aria-hidden=\"true\" class=\"e-font-icon-svg e-fas-plus\" viewBox=\"0 0 448 512\" xmlns=\"http:\/\/www.w3.org\/2000\/svg\"><path d=\"M416 208H272V64c0-17.67-14.33-32-32-32h-32c-17.67 0-32 14.33-32 32v144H32c-17.67 0-32 14.33-32 32v32c0 17.67 14.33 32 32 32h144v144c0 17.67 14.33 32 32 32h32c17.67 0 32-14.33 32-32V304h144c17.67 0 32-14.33 32-32v-32c0-17.67-14.33-32-32-32z\"><\/path><\/svg><\/span>\n\t\t<\/span>\n\n\t\t\t\t\t\t<\/summary>\n\t\t\t\t<div role=\"region\" aria-labelledby=\"e-n-accordion-item-2250\" class=\"elementor-element elementor-element-9e9cc4f e-con-full e-flex e-con e-child\" data-id=\"9e9cc4f\" data-element_type=\"container\" data-e-type=\"container\">\n\t\t\t\t<div class=\"elementor-element elementor-element-05ec7d7 elementor-widget elementor-widget-text-editor\" data-id=\"05ec7d7\" data-element_type=\"widget\" data-e-type=\"widget\" data-widget_type=\"text-editor.default\">\n\t\t\t\t\t\t\t\t\t<p>Une connaissance pointue des march\u00e9s immobiliers du\u00a0<strong>Morbihan.<\/strong>\u00a0Nos conseils avis\u00e9s reposent sur une\u00a0<strong>expertise terrain<\/strong>pr\u00e9cise, une\u00a0<strong>pr\u00e9sence active<\/strong>\u00a0dans les communes environnantes, et des\u00a0<strong>partenaires locaux de confiance<\/strong>.<\/p>\t\t\t\t\t\t\t\t<\/div>\n\t\t\t\t<\/div>\n\t\t\t\t\t<\/details>\n\t\t\t\t\t\t<details id=\"e-n-accordion-item-2251\" class=\"e-n-accordion-item\" >\n\t\t\t\t<summary class=\"e-n-accordion-item-title\" data-accordion-index=\"2\" tabindex=\"-1\" aria-expanded=\"false\" aria-controls=\"e-n-accordion-item-2251\" >\n\t\t\t\t\t<span class='e-n-accordion-item-title-header'><div class=\"e-n-accordion-item-title-text\"> \ud83d\ude4b Approche humaine &amp; accompagnement sur-mesure <\/div><\/span>\n\t\t\t\t\t\t\t<span class='e-n-accordion-item-title-icon'>\n\t\t\t<span class='e-opened' ><svg aria-hidden=\"true\" class=\"e-font-icon-svg e-fas-minus\" viewBox=\"0 0 448 512\" xmlns=\"http:\/\/www.w3.org\/2000\/svg\"><path d=\"M416 208H32c-17.67 0-32 14.33-32 32v32c0 17.67 14.33 32 32 32h384c17.67 0 32-14.33 32-32v-32c0-17.67-14.33-32-32-32z\"><\/path><\/svg><\/span>\n\t\t\t<span class='e-closed'><svg aria-hidden=\"true\" class=\"e-font-icon-svg e-fas-plus\" viewBox=\"0 0 448 512\" xmlns=\"http:\/\/www.w3.org\/2000\/svg\"><path d=\"M416 208H272V64c0-17.67-14.33-32-32-32h-32c-17.67 0-32 14.33-32 32v144H32c-17.67 0-32 14.33-32 32v32c0 17.67 14.33 32 32 32h144v144c0 17.67 14.33 32 32 32h32c17.67 0 32-14.33 32-32V304h144c17.67 0 32-14.33 32-32v-32c0-17.67-14.33-32-32-32z\"><\/path><\/svg><\/span>\n\t\t<\/span>\n\n\t\t\t\t\t\t<\/summary>\n\t\t\t\t<div role=\"region\" aria-labelledby=\"e-n-accordion-item-2251\" class=\"elementor-element elementor-element-22d5d95 e-con-full e-flex e-con e-child\" data-id=\"22d5d95\" data-element_type=\"container\" data-e-type=\"container\">\n\t\t\t\t<div class=\"elementor-element elementor-element-9ce6959 elementor-widget elementor-widget-text-editor\" data-id=\"9ce6959\" data-element_type=\"widget\" data-e-type=\"widget\" data-widget_type=\"text-editor.default\">\n\t\t\t\t\t\t\t\t\t<p>Nous privil\u00e9gions l\u2019\u00e9coute, la confiance et un accompagnement de proximit\u00e9 \u00e0 chaque \u00e9tape de votre projet. Nous vous offrons un\u00a0<strong>accompagnement immobilier complet<\/strong>\u00a0et vous guidons avec p\u00e9dagogie, en toute transparence, pour vous offrir un parcours fluide et sans surprise.<\/p>\t\t\t\t\t\t\t\t<\/div>\n\t\t\t\t<\/div>\n\t\t\t\t\t<\/details>\n\t\t\t\t\t\t<details id=\"e-n-accordion-item-2252\" class=\"e-n-accordion-item\" >\n\t\t\t\t<summary class=\"e-n-accordion-item-title\" data-accordion-index=\"3\" tabindex=\"-1\" aria-expanded=\"false\" aria-controls=\"e-n-accordion-item-2252\" >\n\t\t\t\t\t<span class='e-n-accordion-item-title-header'><div class=\"e-n-accordion-item-title-text\"> \ud83c\udf0a Navigation claire &amp; cap d\u00e9fini <\/div><\/span>\n\t\t\t\t\t\t\t<span class='e-n-accordion-item-title-icon'>\n\t\t\t<span class='e-opened' ><svg aria-hidden=\"true\" class=\"e-font-icon-svg e-fas-minus\" viewBox=\"0 0 448 512\" xmlns=\"http:\/\/www.w3.org\/2000\/svg\"><path d=\"M416 208H32c-17.67 0-32 14.33-32 32v32c0 17.67 14.33 32 32 32h384c17.67 0 32-14.33 32-32v-32c0-17.67-14.33-32-32-32z\"><\/path><\/svg><\/span>\n\t\t\t<span class='e-closed'><svg aria-hidden=\"true\" class=\"e-font-icon-svg e-fas-plus\" viewBox=\"0 0 448 512\" xmlns=\"http:\/\/www.w3.org\/2000\/svg\"><path d=\"M416 208H272V64c0-17.67-14.33-32-32-32h-32c-17.67 0-32 14.33-32 32v144H32c-17.67 0-32 14.33-32 32v32c0 17.67 14.33 32 32 32h144v144c0 17.67 14.33 32 32 32h32c17.67 0 32-14.33 32-32V304h144c17.67 0 32-14.33 32-32v-32c0-17.67-14.33-32-32-32z\"><\/path><\/svg><\/span>\n\t\t<\/span>\n\n\t\t\t\t\t\t<\/summary>\n\t\t\t\t<div role=\"region\" aria-labelledby=\"e-n-accordion-item-2252\" class=\"elementor-element elementor-element-b26e484 e-con-full e-flex e-con e-child\" data-id=\"b26e484\" data-element_type=\"container\" data-e-type=\"container\">\n\t\t\t\t<div class=\"elementor-element elementor-element-63774d1 elementor-widget elementor-widget-text-editor\" data-id=\"63774d1\" data-element_type=\"widget\" data-e-type=\"widget\" data-widget_type=\"text-editor.default\">\n\t\t\t\t\t\t\t\t\t<p>Nous vous aidons \u00e0\u00a0<strong>naviguer dans le march\u00e9 immobilier du Morbihan<\/strong>\u00a0avec clart\u00e9: Strat\u00e9gie, conseils juridiques, estimation juste, valorisation du bien, mise en relation \u2014 vous avez un\u00a0<strong>cap clair<\/strong>\u00a0\u00e0 chaque instant.<\/p>\t\t\t\t\t\t\t\t<\/div>\n\t\t\t\t<\/div>\n\t\t\t\t\t<\/details>\n\t\t\t\t\t\t<details id=\"e-n-accordion-item-2253\" class=\"e-n-accordion-item\" >\n\t\t\t\t<summary class=\"e-n-accordion-item-title\" data-accordion-index=\"4\" tabindex=\"-1\" aria-expanded=\"false\" aria-controls=\"e-n-accordion-item-2253\" >\n\t\t\t\t\t<span class='e-n-accordion-item-title-header'><div class=\"e-n-accordion-item-title-text\"> \ud83d\udd17 Patrimoine, transmission &amp; projets durables <\/div><\/span>\n\t\t\t\t\t\t\t<span class='e-n-accordion-item-title-icon'>\n\t\t\t<span class='e-opened' ><svg aria-hidden=\"true\" class=\"e-font-icon-svg e-fas-minus\" viewBox=\"0 0 448 512\" xmlns=\"http:\/\/www.w3.org\/2000\/svg\"><path d=\"M416 208H32c-17.67 0-32 14.33-32 32v32c0 17.67 14.33 32 32 32h384c17.67 0 32-14.33 32-32v-32c0-17.67-14.33-32-32-32z\"><\/path><\/svg><\/span>\n\t\t\t<span class='e-closed'><svg aria-hidden=\"true\" class=\"e-font-icon-svg e-fas-plus\" viewBox=\"0 0 448 512\" xmlns=\"http:\/\/www.w3.org\/2000\/svg\"><path d=\"M416 208H272V64c0-17.67-14.33-32-32-32h-32c-17.67 0-32 14.33-32 32v144H32c-17.67 0-32 14.33-32 32v32c0 17.67 14.33 32 32 32h144v144c0 17.67 14.33 32 32 32h32c17.67 0 32-14.33 32-32V304h144c17.67 0 32-14.33 32-32v-32c0-17.67-14.33-32-32-32z\"><\/path><\/svg><\/span>\n\t\t<\/span>\n\n\t\t\t\t\t\t<\/summary>\n\t\t\t\t<div role=\"region\" aria-labelledby=\"e-n-accordion-item-2253\" class=\"elementor-element elementor-element-4e60cda e-con-full e-flex e-con e-child\" data-id=\"4e60cda\" data-element_type=\"container\" data-e-type=\"container\">\n\t\t\t\t<div class=\"elementor-element elementor-element-88c1df5 elementor-widget elementor-widget-text-editor\" data-id=\"88c1df5\" data-element_type=\"widget\" data-e-type=\"widget\" data-widget_type=\"text-editor.default\">\n\t\t\t\t\t\t\t\t\t<p>Nous vous accompagnons pour construire ou transmettre un\u00a0<strong>patrimoine durable<\/strong>. Nos clients recherchent plus qu\u2019un bien : ils cherchent un\u00a0<strong>projet de vie solide<\/strong>, un\u00a0<strong>lien humain de qualit\u00e9<\/strong>, et un\u00a0<strong>accompagnement de long terme<\/strong>.<\/p>\t\t\t\t\t\t\t\t<\/div>\n\t\t\t\t<\/div>\n\t\t\t\t\t<\/details>\n\t\t\t\t\t<\/div>\n\t\t\t\t\t\t<\/div>\n\t\t\t\t\t<\/div>\n\t\t\t\t<\/div>\n\t\t\t\t<\/div>\n\t\t","protected":false},"excerpt":{"rendered":"<p>Bienvenue \u00e0 bord l&rsquo;\u00e9quipage est pr\u00eat lorient, port d&rsquo;attache pr\u00e9sentation Ancre Immobili\u00e8re, c\u2019est d\u2019abord une histoire de transmission. Une agence fond\u00e9e et d\u00e9velopp\u00e9e par Johann Bidault, breton de coeur &#8211; anim\u00e9 par la passion de l\u2019immobilier et la volont\u00e9 de s\u00e9curiser les parcours de vie. Notre \u00e9quipe et partenaires locaux, ancr\u00e9s dans les valeurs bretonnes, [&hellip;]<\/p>\n","protected":false},"author":1,"featured_media":0,"parent":0,"menu_order":0,"comment_status":"closed","ping_status":"closed","template":"elementor_header_footer","meta":{"footnotes":""},"class_list":["post-40","page","type-page","status-publish","hentry"],"_links":{"self":[{"href":"https:\/\/ancre-immobiliere.fr\/index.php?rest_route=\/wp\/v2\/pages\/40","targetHints":{"allow":["GET"]}}],"collection":[{"href":"https:\/\/ancre-immobiliere.fr\/index.php?rest_route=\/wp\/v2\/pages"}],"about":[{"href":"https:\/\/ancre-immobiliere.fr\/index.php?rest_route=\/wp\/v2\/types\/page"}],"author":[{"embeddable":true,"href":"https:\/\/ancre-immobiliere.fr\/index.php?rest_route=\/wp\/v2\/users\/1"}],"replies":[{"embeddable":true,"href":"https:\/\/ancre-immobiliere.fr\/index.php?rest_route=%2Fwp%2Fv2%2Fcomments&post=40"}],"version-history":[{"count":104,"href":"https:\/\/ancre-immobiliere.fr\/index.php?rest_route=\/wp\/v2\/pages\/40\/revisions"}],"predecessor-version":[{"id":1001,"href":"https:\/\/ancre-immobiliere.fr\/index.php?rest_route=\/wp\/v2\/pages\/40\/revisions\/1001"}],"wp:attachment":[{"href":"https:\/\/ancre-immobiliere.fr\/index.php?rest_route=%2Fwp%2Fv2%2Fmedia&parent=40"}],"curies":[{"name":"wp","href":"https:\/\/api.w.org\/{rel}","templated":true}]}}